{"id":14523,"date":"2025-09-16T09:20:46","date_gmt":"2025-09-16T09:20:46","guid":{"rendered":"https:\/\/www.hsvperitaciones.es\/rechtliche-hinweise\/"},"modified":"2025-09-22T08:00:28","modified_gmt":"2025-09-22T08:00:28","slug":"rechtliche-hinweise","status":"publish","type":"page","link":"https:\/\/www.hsvperitaciones.es\/de\/rechtliche-hinweise\/","title":{"rendered":"Rechtliche Hinweise"},"content":{"rendered":"\n<p>Geistiges und gewerbliches Eigentum <\/p>\n\n<p>Das Design des Portals und seine Quellcodes sowie die darin erscheinenden Logos, Marken und anderen Unterscheidungsmerkmale sind Eigentum von HSV INGENERIA, PERITACIONES Y COMISARIOS DE AVER\u00cdAS SLU und durch die entsprechenden geistigen und gewerblichen Eigentumsrechte gesch\u00fctzt. <\/p>\n\n<p>Verantwortung f\u00fcr Inhalte <\/p>\n\n<p>HSV INGENERIA, PERITACIONES Y COMISARIOS DE AVER\u00cdAS SLU CIF\/NIFB09669680 ist nicht f\u00fcr die Rechtm\u00e4\u00dfigkeit anderer Websites Dritter verantwortlich, von denen aus auf das Portal zugegriffen werden kann. Sie ist auch nicht verantwortlich f\u00fcr die Rechtm\u00e4\u00dfigkeit anderer Websites Dritter, auf die von diesem Portal aus verwiesen wird oder die mit diesem Portal verkn\u00fcpft sind. <\/p>\n\n<p>HSV INGENERIA, PERITACIONES Y COMISARIOS DE AVER\u00cdAS SLU CIF\/NIFB09669680 ist nicht verantwortlich f\u00fcr die Verwendung der auf dem Portal ver\u00f6ffentlichten Informationen durch Dritte und auch nicht f\u00fcr Sch\u00e4den oder wirtschaftliche Verluste, die direkt oder indirekt wirtschaftliche, materielle oder Datensch\u00e4den verursachen oder verursachen k\u00f6nnen, die durch die Verwendung dieser Informationen verursacht werden. <\/p>\n\n<p>\u202f\u00a0<\/p>\n\n<p>Inhalte abspielen <\/p>\n\n<p>Gem\u00e4\u00df den Bestimmungen des Gesetzes zum Schutz des geistigen Eigentums ist die Vervielf\u00e4ltigung, Verbreitung und \u00f6ffentliche Wiedergabe des gesamten oder eines Teils des Inhalts dieser Website zu kommerziellen Zwecken auf jeglichem Medium und mit jeglichen technischen Mitteln ohne die Genehmigung von HSV INGENERIA, PERITATIONS AND COMISARIOS DE AVER\u00cdAS SLU ausdr\u00fccklich untersagt. <\/p>\n\n<p>\u202f\u00a0<\/p>\n\n<p>Geltendes Recht <\/p>\n\n<p>HSV INGENERIA, PERITACIONES Y COMISARIOS DE AVER\u00cdAS SLU CIF\/NIFB09669680 beh\u00e4lt sich das Recht vor, bei unsachgem\u00e4\u00dfer Nutzung der Website und ihrer Inhalte oder bei Nichteinhaltung dieser Allgemeinen Gesch\u00e4ftsbedingungen alle zivil- oder strafrechtlichen Schritte einzuleiten, die es f\u00fcr notwendig erachtet. <\/p>\n\n<p>Die Beziehung zwischen dem Nutzer und HSV INGENERIA, PERITACIONES Y COMISARIOS DE AVER\u00cdAS SLU CIF\/NIFB09669680 unterliegt den im Staatsgebiet geltenden und anwendbaren Vorschriften. Sollten Streitigkeiten hinsichtlich der Auslegung und\/oder Anwendung dieser Gesch\u00e4ftsbedingungen entstehen, unterwerfen sich die Parteien der ordentlichen Gerichtsbarkeit und den zust\u00e4ndigen Gerichten. <\/p>\n\n<p>Wir informieren Sie au\u00dferdem dar\u00fcber, dass allen B\u00fcrgern ein kostenloses au\u00dfergerichtliches Streitbeilegungsverfahren zur Verf\u00fcgung steht. Dabei handelt es sich um die Online-Streitbeilegungsplattform der Europ\u00e4ischen Union, die \u00fcber den folgenden Link erreichbar ist. <\/p>\n\n<figure class=\"wp-block-embed\"><div class=\"wp-block-embed__wrapper\">\nhttps:\/\/ec.europa.eu\/consumers\/odr\/main\/?event=main.home2.show.\n<\/div><\/figure>\n\n<p>\u202f\u00a0<\/p>\n\n<p>Cookies <\/p>\n\n<p>Wenn auf der Website die \u201eCookie\u201c-Technologie verwendet wird, gibt es einen speziellen Abschnitt, der Sie \u00fcber deren Existenz und die Nutzungsrichtlinien informiert. Siehe Abschnitt \u201eCookie-Richtlinie\u201c. <\/p>\n\n<p>Ansonsten werden keine Browser-Cookies verwendet. <\/p>\n\n<p>Personenbezogene Daten von Minderj\u00e4hrigen <\/p>\n\n<p>Diese Website ist nicht f\u00fcr minderj\u00e4hrige Benutzer bestimmt. Wenn Sie minderj\u00e4hrig sind, versuchen Sie bitte nicht, sich als Benutzer zu registrieren. Wenn wir feststellen, dass wir irrt\u00fcmlicherweise personenbezogene Daten von Minderj\u00e4hrigen erhalten haben, werden wir diese Daten so schnell wie m\u00f6glich l\u00f6schen. <\/p>\n\n<p>Aus\u00fcbung von Datenschutzrechten <\/p>\n\n<p>In \u00dcbereinstimmung mit den durch die geltenden Vorschriften zum Schutz personenbezogener Daten gew\u00e4hrten Rechten kann der Benutzer die Rechte auf Zugang, Berichtigung, Einschr\u00e4nkung der Verarbeitung, L\u00f6schung, Portabilit\u00e4t und Widerspruch gegen die Verarbeitung seiner Daten aus\u00fcben, indem er seine Anfrage an die angegebene Postanschrift oder an die E-Mail-Adresse administracion@hsvperitaciones.es richtet. <\/p>\n\n<p>Zur Aus\u00fcbung Ihrer Rechte m\u00fcssen Sie sich durch Vorlage Ihres Personalausweises ausweisen. <\/p>\n\n<p>Bei etwaigen Reklamationen k\u00f6nnen Sie sich an die angegebene E-Mail-Adresse wenden. Sie k\u00f6nnen sich auch an die spanische Datenschutzbeh\u00f6rde wenden: <a href=\"http:\/\/www.aepd.es\/\" target=\"_blank\" rel=\"noreferrer noopener\">www.aepd.es<\/a> <\/p>\n\n<p><\/p>\n","protected":false},"excerpt":{"rendered":"<p>Geistiges und gewerbliches Eigentum Das Design des Portals und seine Quellcodes sowie die darin erscheinenden Logos, Marken und anderen Unterscheidungsmerkmale sind Eigentum von HSV INGENERIA, PERITACIONES Y COMISARIOS DE AVER\u00cdAS SLU und durch die entsprechenden geistigen und gewerblichen Eigentumsrechte gesch\u00fctzt. Verantwortung f\u00fcr Inhalte HSV INGENERIA, PERITACIONES Y COMISARIOS DE AVER\u00cdAS SLU CIF\/NIFB09669680 ist nicht f\u00fcr<\/p>\n","protected":false},"author":1,"featured_media":0,"parent":0,"menu_order":0,"comment_status":"closed","ping_status":"closed","template":"","meta":{"footnotes":""},"class_list":["post-14523","page","type-page","status-publish","hentry"],"yoast_head":"<!-- This site is optimized with the Yoast SEO plugin v26.0 - https:\/\/yoast.com\/wordpress\/plugins\/seo\/ -->\n<title>Rechtliche Hinweise - HSV<\/title>\n<meta name=\"robots\" content=\"index, follow, max-snippet:-1, max-image-preview:large, max-video-preview:-1\" \/>\n<link rel=\"canonical\" href=\"https:\/\/www.hsvperitaciones.es\/de\/rechtliche-hinweise\/\" \/>\n<meta property=\"og:locale\" content=\"de_DE\" \/>\n<meta property=\"og:type\" content=\"article\" \/>\n<meta property=\"og:title\" content=\"Rechtliche Hinweise - HSV\" \/>\n<meta property=\"og:description\" content=\"Geistiges und gewerbliches Eigentum Das Design des Portals und seine Quellcodes sowie die darin erscheinenden Logos, Marken und anderen Unterscheidungsmerkmale sind Eigentum von HSV INGENERIA, PERITACIONES Y COMISARIOS DE AVER\u00cdAS SLU und durch die entsprechenden geistigen und gewerblichen Eigentumsrechte gesch\u00fctzt. Verantwortung f\u00fcr Inhalte HSV INGENERIA, PERITACIONES Y COMISARIOS DE AVER\u00cdAS SLU CIF\/NIFB09669680 ist nicht f\u00fcr\" \/>\n<meta property=\"og:url\" content=\"https:\/\/www.hsvperitaciones.es\/de\/rechtliche-hinweise\/\" \/>\n<meta property=\"og:site_name\" content=\"HSV\" \/>\n<meta property=\"article:modified_time\" content=\"2025-09-22T08:00:28+00:00\" \/>\n<meta name=\"twitter:card\" content=\"summary_large_image\" \/>\n<meta name=\"twitter:label1\" content=\"Gesch\u00e4tzte Lesezeit\" \/>\n\t<meta name=\"twitter:data1\" content=\"3\u00a0Minuten\" \/>\n<script type=\"application\/ld+json\" class=\"yoast-schema-graph\">{\"@context\":\"https:\/\/schema.org\",\"@graph\":[{\"@type\":\"WebPage\",\"@id\":\"https:\/\/www.hsvperitaciones.es\/de\/rechtliche-hinweise\/\",\"url\":\"https:\/\/www.hsvperitaciones.es\/de\/rechtliche-hinweise\/\",\"name\":\"Rechtliche Hinweise - HSV\",\"isPartOf\":{\"@id\":\"https:\/\/www.hsvperitaciones.es\/de\/#website\"},\"datePublished\":\"2025-09-16T09:20:46+00:00\",\"dateModified\":\"2025-09-22T08:00:28+00:00\",\"breadcrumb\":{\"@id\":\"https:\/\/www.hsvperitaciones.es\/de\/rechtliche-hinweise\/#breadcrumb\"},\"inLanguage\":\"de\",\"potentialAction\":[{\"@type\":\"ReadAction\",\"target\":[\"https:\/\/www.hsvperitaciones.es\/de\/rechtliche-hinweise\/\"]}]},{\"@type\":\"BreadcrumbList\",\"@id\":\"https:\/\/www.hsvperitaciones.es\/de\/rechtliche-hinweise\/#breadcrumb\",\"itemListElement\":[{\"@type\":\"ListItem\",\"position\":1,\"name\":\"Portada\",\"item\":\"https:\/\/www.hsvperitaciones.es\/de\/\"},{\"@type\":\"ListItem\",\"position\":2,\"name\":\"Rechtliche Hinweise\"}]},{\"@type\":\"WebSite\",\"@id\":\"https:\/\/www.hsvperitaciones.es\/de\/#website\",\"url\":\"https:\/\/www.hsvperitaciones.es\/de\/\",\"name\":\"HSV\",\"description\":\"Peritaciones\",\"publisher\":{\"@id\":\"https:\/\/www.hsvperitaciones.es\/de\/#organization\"},\"potentialAction\":[{\"@type\":\"SearchAction\",\"target\":{\"@type\":\"EntryPoint\",\"urlTemplate\":\"https:\/\/www.hsvperitaciones.es\/de\/?s={search_term_string}\"},\"query-input\":{\"@type\":\"PropertyValueSpecification\",\"valueRequired\":true,\"valueName\":\"search_term_string\"}}],\"inLanguage\":\"de\"},{\"@type\":\"Organization\",\"@id\":\"https:\/\/www.hsvperitaciones.es\/de\/#organization\",\"name\":\"HSV\",\"url\":\"https:\/\/www.hsvperitaciones.es\/de\/\",\"logo\":{\"@type\":\"ImageObject\",\"inLanguage\":\"de\",\"@id\":\"https:\/\/www.hsvperitaciones.es\/de\/#\/schema\/logo\/image\/\",\"url\":\"https:\/\/www.hsvperitaciones.es\/wp-content\/uploads\/2025\/08\/Sin-fondo-1.png\",\"contentUrl\":\"https:\/\/www.hsvperitaciones.es\/wp-content\/uploads\/2025\/08\/Sin-fondo-1.png\",\"width\":507,\"height\":142,\"caption\":\"HSV\"},\"image\":{\"@id\":\"https:\/\/www.hsvperitaciones.es\/de\/#\/schema\/logo\/image\/\"}}]}<\/script>\n<!-- \/ Yoast SEO plugin. -->","yoast_head_json":{"title":"Rechtliche Hinweise - HSV","robots":{"index":"index","follow":"follow","max-snippet":"max-snippet:-1","max-image-preview":"max-image-preview:large","max-video-preview":"max-video-preview:-1"},"canonical":"https:\/\/www.hsvperitaciones.es\/de\/rechtliche-hinweise\/","og_locale":"de_DE","og_type":"article","og_title":"Rechtliche Hinweise - HSV","og_description":"Geistiges und gewerbliches Eigentum Das Design des Portals und seine Quellcodes sowie die darin erscheinenden Logos, Marken und anderen Unterscheidungsmerkmale sind Eigentum von HSV INGENERIA, PERITACIONES Y COMISARIOS DE AVER\u00cdAS SLU und durch die entsprechenden geistigen und gewerblichen Eigentumsrechte gesch\u00fctzt. Verantwortung f\u00fcr Inhalte HSV INGENERIA, PERITACIONES Y COMISARIOS DE AVER\u00cdAS SLU CIF\/NIFB09669680 ist nicht f\u00fcr","og_url":"https:\/\/www.hsvperitaciones.es\/de\/rechtliche-hinweise\/","og_site_name":"HSV","article_modified_time":"2025-09-22T08:00:28+00:00","twitter_card":"summary_large_image","twitter_misc":{"Gesch\u00e4tzte Lesezeit":"3\u00a0Minuten"},"schema":{"@context":"https:\/\/schema.org","@graph":[{"@type":"WebPage","@id":"https:\/\/www.hsvperitaciones.es\/de\/rechtliche-hinweise\/","url":"https:\/\/www.hsvperitaciones.es\/de\/rechtliche-hinweise\/","name":"Rechtliche Hinweise - HSV","isPartOf":{"@id":"https:\/\/www.hsvperitaciones.es\/de\/#website"},"datePublished":"2025-09-16T09:20:46+00:00","dateModified":"2025-09-22T08:00:28+00:00","breadcrumb":{"@id":"https:\/\/www.hsvperitaciones.es\/de\/rechtliche-hinweise\/#breadcrumb"},"inLanguage":"de","potentialAction":[{"@type":"ReadAction","target":["https:\/\/www.hsvperitaciones.es\/de\/rechtliche-hinweise\/"]}]},{"@type":"BreadcrumbList","@id":"https:\/\/www.hsvperitaciones.es\/de\/rechtliche-hinweise\/#breadcrumb","itemListElement":[{"@type":"ListItem","position":1,"name":"Portada","item":"https:\/\/www.hsvperitaciones.es\/de\/"},{"@type":"ListItem","position":2,"name":"Rechtliche Hinweise"}]},{"@type":"WebSite","@id":"https:\/\/www.hsvperitaciones.es\/de\/#website","url":"https:\/\/www.hsvperitaciones.es\/de\/","name":"HSV","description":"Peritaciones","publisher":{"@id":"https:\/\/www.hsvperitaciones.es\/de\/#organization"},"potentialAction":[{"@type":"SearchAction","target":{"@type":"EntryPoint","urlTemplate":"https:\/\/www.hsvperitaciones.es\/de\/?s={search_term_string}"},"query-input":{"@type":"PropertyValueSpecification","valueRequired":true,"valueName":"search_term_string"}}],"inLanguage":"de"},{"@type":"Organization","@id":"https:\/\/www.hsvperitaciones.es\/de\/#organization","name":"HSV","url":"https:\/\/www.hsvperitaciones.es\/de\/","logo":{"@type":"ImageObject","inLanguage":"de","@id":"https:\/\/www.hsvperitaciones.es\/de\/#\/schema\/logo\/image\/","url":"https:\/\/www.hsvperitaciones.es\/wp-content\/uploads\/2025\/08\/Sin-fondo-1.png","contentUrl":"https:\/\/www.hsvperitaciones.es\/wp-content\/uploads\/2025\/08\/Sin-fondo-1.png","width":507,"height":142,"caption":"HSV"},"image":{"@id":"https:\/\/www.hsvperitaciones.es\/de\/#\/schema\/logo\/image\/"}}]}},"_links":{"self":[{"href":"https:\/\/www.hsvperitaciones.es\/de\/wp-json\/wp\/v2\/pages\/14523","targetHints":{"allow":["GET"]}}],"collection":[{"href":"https:\/\/www.hsvperitaciones.es\/de\/wp-json\/wp\/v2\/pages"}],"about":[{"href":"https:\/\/www.hsvperitaciones.es\/de\/wp-json\/wp\/v2\/types\/page"}],"author":[{"embeddable":true,"href":"https:\/\/www.hsvperitaciones.es\/de\/wp-json\/wp\/v2\/users\/1"}],"replies":[{"embeddable":true,"href":"https:\/\/www.hsvperitaciones.es\/de\/wp-json\/wp\/v2\/comments?post=14523"}],"version-history":[{"count":1,"href":"https:\/\/www.hsvperitaciones.es\/de\/wp-json\/wp\/v2\/pages\/14523\/revisions"}],"predecessor-version":[{"id":14524,"href":"https:\/\/www.hsvperitaciones.es\/de\/wp-json\/wp\/v2\/pages\/14523\/revisions\/14524"}],"wp:attachment":[{"href":"https:\/\/www.hsvperitaciones.es\/de\/wp-json\/wp\/v2\/media?parent=14523"}],"curies":[{"name":"wp","href":"https:\/\/api.w.org\/{rel}","templated":true}]}}