{"id":14525,"date":"2025-08-26T07:49:44","date_gmt":"2025-08-26T07:49:44","guid":{"rendered":"https:\/\/www.hsvperitaciones.es\/kontakt\/"},"modified":"2025-09-22T08:04:33","modified_gmt":"2025-09-22T08:04:33","slug":"kontakt","status":"publish","type":"page","link":"https:\/\/www.hsvperitaciones.es\/de\/kontakt\/","title":{"rendered":"Kontakt"},"content":{"rendered":"\t\t<div data-elementor-type=\"wp-post\" data-elementor-id=\"14525\" class=\"elementor elementor-14525 elementor-12450\" data-elementor-post-type=\"page\">\n\t\t\t\t<div class=\"elementor-element elementor-element-b4854ec e-con-full e-flex e-con e-parent\" data-id=\"b4854ec\" data-element_type=\"container\" data-settings=\"{&quot;background_background&quot;:&quot;classic&quot;}\">\n\t\t\t\t<div class=\"elementor-element elementor-element-42a72c2e elementor-absolute elementor-widget elementor-widget-heading\" data-id=\"42a72c2e\" data-element_type=\"widget\" data-settings=\"{&quot;_position&quot;:&quot;absolute&quot;}\" data-widget_type=\"heading.default\">\n\t\t\t\t\t<h1 class=\"elementor-heading-title elementor-size-default\">Kontakt<\/h1>\t\t\t\t<\/div>\n\t\t\t\t<\/div>\n\t\t<div class=\"elementor-element elementor-element-e0b11a0 e-flex e-con-boxed e-con e-parent\" data-id=\"e0b11a0\" data-element_type=\"container\">\n\t\t\t\t\t<div class=\"e-con-inner\">\n\t\t<div class=\"elementor-element elementor-element-5701f70 pr-lg-4 e-con-full e-flex e-con e-child\" data-id=\"5701f70\" data-element_type=\"container\">\n\t\t\t\t<div class=\"elementor-element elementor-element-c736e08 elementor-widget elementor-widget-heading\" data-id=\"c736e08\" data-element_type=\"widget\" data-widget_type=\"heading.default\">\n\t\t\t\t\t<span class=\"elementor-heading-title elementor-size-default\">KONTAKTIEREN SIE UNS<\/span>\t\t\t\t<\/div>\n\t\t\t\t<div class=\"elementor-element elementor-element-c7c3dd7 elementor-widget elementor-widget-heading\" data-id=\"c7c3dd7\" data-element_type=\"widget\" data-widget_type=\"heading.default\">\n\t\t\t\t\t<h2 class=\"elementor-heading-title elementor-size-default\">Wir sind hier, um Ihnen zu helfen<\/h2>\t\t\t\t<\/div>\n\t\t\t\t<div class=\"elementor-element elementor-element-360cbba elementor-widget elementor-widget-text-editor\" data-id=\"360cbba\" data-element_type=\"widget\" data-widget_type=\"text-editor.default\">\n\t\t\t\t\t\t\t\t\t<p>Erkl\u00e4ren Sie uns Ihren Anspruch und unser Team reagiert mit der f\u00fcr uns typischen Schnelligkeit und Professionalit\u00e4t. Kontaktieren Sie uns, und wir beginnen mit der Bewertung.  <\/p>\n\t\t\t\t\t\t\t\t<\/div>\n\t\t\t\t<div class=\"elementor-element elementor-element-8d1582c elementor-align-left elementor-widget-mobile__width-inherit elementor-icon-list--layout-traditional elementor-list-item-link-full_width elementor-widget elementor-widget-icon-list\" data-id=\"8d1582c\" data-element_type=\"widget\" data-widget_type=\"icon-list.default\">\n\t\t\t\t\t\t\t<ul class=\"elementor-icon-list-items\">\n\t\t\t\t\t\t\t<li class=\"elementor-icon-list-item\">\n\t\t\t\t\t\t\t\t\t\t\t<a href=\"tel:+34605026197\" target=\"_blank\" rel=\"nofollow\" title=\"Telefono\">\n\n\t\t\t\t\t\t\t\t\t\t\t\t<span class=\"elementor-icon-list-icon\">\n\t\t\t\t\t\t\t<svg aria-hidden=\"true\" class=\"e-font-icon-svg e-fas-phone-alt\" viewBox=\"0 0 512 512\" xmlns=\"http:\/\/www.w3.org\/2000\/svg\"><path d=\"M497.39 361.8l-112-48a24 24 0 0 0-28 6.9l-49.6 60.6A370.66 370.66 0 0 1 130.6 204.11l60.6-49.6a23.94 23.94 0 0 0 6.9-28l-48-112A24.16 24.16 0 0 0 122.6.61l-104 24A24 24 0 0 0 0 48c0 256.5 207.9 464 464 464a24 24 0 0 0 23.4-18.6l24-104a24.29 24.29 0 0 0-14.01-27.6z\"><\/path><\/svg>\t\t\t\t\t\t<\/span>\n\t\t\t\t\t\t\t\t\t\t<span class=\"elementor-icon-list-text\">+34 605 026 197<\/span>\n\t\t\t\t\t\t\t\t\t\t\t<\/a>\n\t\t\t\t\t\t\t\t\t<\/li>\n\t\t\t\t\t\t\t\t<li class=\"elementor-icon-list-item\">\n\t\t\t\t\t\t\t\t\t\t\t<a href=\"mailto:administracion@hsvperitaciones.es\" target=\"_blank\" rel=\"nofollow\" title=\"Mail\">\n\n\t\t\t\t\t\t\t\t\t\t\t\t<span class=\"elementor-icon-list-icon\">\n\t\t\t\t\t\t\t<svg aria-hidden=\"true\" class=\"e-font-icon-svg e-far-envelope\" viewBox=\"0 0 512 512\" xmlns=\"http:\/\/www.w3.org\/2000\/svg\"><path d=\"M464 64H48C21.49 64 0 85.49 0 112v288c0 26.51 21.49 48 48 48h416c26.51 0 48-21.49 48-48V112c0-26.51-21.49-48-48-48zm0 48v40.805c-22.422 18.259-58.168 46.651-134.587 106.49-16.841 13.247-50.201 45.072-73.413 44.701-23.208.375-56.579-31.459-73.413-44.701C106.18 199.465 70.425 171.067 48 152.805V112h416zM48 400V214.398c22.914 18.251 55.409 43.862 104.938 82.646 21.857 17.205 60.134 55.186 103.062 54.955 42.717.231 80.509-37.199 103.053-54.947 49.528-38.783 82.032-64.401 104.947-82.653V400H48z\"><\/path><\/svg>\t\t\t\t\t\t<\/span>\n\t\t\t\t\t\t\t\t\t\t<span class=\"elementor-icon-list-text\">administracion@hsvperitaciones.es<\/span>\n\t\t\t\t\t\t\t\t\t\t\t<\/a>\n\t\t\t\t\t\t\t\t\t<\/li>\n\t\t\t\t\t\t<\/ul>\n\t\t\t\t\t\t<\/div>\n\t\t\t\t<\/div>\n\t\t<div class=\"elementor-element elementor-element-d19f4e9 e-con-full e-flex e-con e-child\" data-id=\"d19f4e9\" data-element_type=\"container\">\n\t\t\t\t<div class=\"elementor-element elementor-element-3f4e996 elementor-widget elementor-widget-contactform\" data-id=\"3f4e996\" data-element_type=\"widget\" data-widget_type=\"contactform.default\">\n\t\t\t\t<div class=\"elementor-widget-container\">\n\t\t\t\t\t<div class=\"contact-form-wrapper cf-default\"><div class=\"contact-form\">\n<div class=\"wpcf7 no-js\" id=\"wpcf7-f14597-o1\" lang=\"de-DE\" dir=\"ltr\" data-wpcf7-id=\"14597\">\n<div class=\"screen-reader-response\"><p role=\"status\" aria-live=\"polite\" aria-atomic=\"true\"><\/p> <ul><\/ul><\/div>\n<form action=\"\/de\/wp-json\/wp\/v2\/pages\/14525#wpcf7-f14597-o1\" method=\"post\" class=\"wpcf7-form init wpcf7-acceptance-as-validation\" aria-label=\"Kontaktformular\" novalidate=\"novalidate\" data-status=\"init\">\n<fieldset class=\"hidden-fields-container\"><input type=\"hidden\" name=\"_wpcf7\" value=\"14597\" \/><input type=\"hidden\" name=\"_wpcf7_version\" value=\"6.1.1\" \/><input type=\"hidden\" name=\"_wpcf7_locale\" value=\"de_DE\" \/><input type=\"hidden\" name=\"_wpcf7_unit_tag\" value=\"wpcf7-f14597-o1\" \/><input type=\"hidden\" name=\"_wpcf7_container_post\" value=\"0\" \/><input type=\"hidden\" name=\"_wpcf7_posted_data_hash\" value=\"\" \/>\n<\/fieldset>\n<div class=\"contacto-form\">\n\t<div class=\"columns_wrap\">\n\t\t<div class=\"column-1_2\">\n\t\t\t<p><span><span class=\"wpcf7-form-control-wrap\" data-name=\"your-name\"><input size=\"40\" maxlength=\"400\" class=\"wpcf7-form-control wpcf7-text wpcf7-validates-as-required\" aria-required=\"true\" aria-invalid=\"false\" placeholder=\"Name*\" value=\"\" type=\"text\" name=\"your-name\" \/><\/span><\/span>\n\t\t\t<\/p>\n\t\t<\/div>\n\t\t<div class=\"column-1_2\">\n\t\t\t<p><span><span class=\"wpcf7-form-control-wrap\" data-name=\"your-email\"><input size=\"40\" maxlength=\"400\" class=\"wpcf7-form-control wpcf7-email wpcf7-validates-as-required wpcf7-text wpcf7-validates-as-email\" aria-required=\"true\" aria-invalid=\"false\" placeholder=\"Email*\" value=\"\" type=\"email\" name=\"your-email\" \/><\/span><\/span>\n\t\t\t<\/p>\n\t\t<\/div>\n\t<\/div>\n\t<div class=\"columns_wrap margin-bottom\">\n\t\t<div class=\"column-1_1\">\n\t\t\t<p><span><span class=\"wpcf7-form-control-wrap\" data-name=\"your-message\"><textarea cols=\"40\" rows=\"10\" maxlength=\"2000\" class=\"wpcf7-form-control wpcf7-textarea wpcf7-validates-as-required\" aria-required=\"true\" aria-invalid=\"false\" placeholder=\"Nachricht*\" name=\"your-message\"><\/textarea><\/span><\/span>\n\t\t\t<\/p>\n\t\t<\/div>\n\t<\/div>\n\t<p><span class=\"wpcf7-form-control-wrap\" data-name=\"acceptance\"><span class=\"wpcf7-form-control wpcf7-acceptance\"><span class=\"wpcf7-list-item\"><label><input type=\"checkbox\" name=\"acceptance\" value=\"1\" aria-invalid=\"false\" \/><span class=\"wpcf7-list-item-label\">Ich akzeptiere die <a href=\"\/politica-de-privacidad\/\" target=\"_blank\">Datenschutzrichtlinien.<\/a><\/span><\/label><\/span><\/span><\/span>\n\t<\/p>\n\t<div class=\"custom-submit\">\n\t\t<p><input class=\"wpcf7-form-control wpcf7-submit has-spinner\" type=\"submit\" value=\"Schicken\" \/>\n\t\t<\/p>\n\t<\/div>\n<\/div><div class=\"wpcf7-response-output\" aria-hidden=\"true\"><\/div>\n<\/form>\n<\/div>\n<\/div><!-- .contact-form --><\/div><!-- .contact-form-wrapper -->\t\t\t\t<\/div>\n\t\t\t\t<\/div>\n\t\t\t\t<\/div>\n\t\t\t\t\t<\/div>\n\t\t\t\t<\/div>\n\t\t<div class=\"elementor-element elementor-element-efde5b4 e-con-full e-flex e-con e-parent\" data-id=\"efde5b4\" data-element_type=\"container\" data-settings=\"{&quot;background_background&quot;:&quot;classic&quot;}\">\n\t\t\t\t<div class=\"elementor-element elementor-element-d4042b4 elementor-widget elementor-widget-template\" data-id=\"d4042b4\" data-element_type=\"widget\" data-widget_type=\"template.default\">\n\t\t\t\t<div class=\"elementor-widget-container\">\n\t\t\t\t\t\t\t<div class=\"elementor-template\">\n\t\t\t\t\t<div data-elementor-type=\"container\" data-elementor-id=\"14540\" class=\"elementor elementor-14540 elementor-13328\" data-elementor-post-type=\"elementor_library\">\n\t\t\t\t<div class=\"elementor-element elementor-element-26845d9f e-flex e-con-boxed e-con e-parent\" data-id=\"26845d9f\" data-element_type=\"container\" data-settings=\"{&quot;background_background&quot;:&quot;classic&quot;}\">\n\t\t\t\t\t<div class=\"e-con-inner\">\n\t\t<div class=\"elementor-element elementor-element-1a4bff30 e-con-full e-flex e-con e-child\" data-id=\"1a4bff30\" data-element_type=\"container\" data-settings=\"{&quot;background_background&quot;:&quot;classic&quot;}\">\n\t\t\t\t<div class=\"elementor-element elementor-element-5cae399d elementor-widget elementor-widget-heading\" data-id=\"5cae399d\" data-element_type=\"widget\" data-widget_type=\"heading.default\">\n\t\t\t\t\t<p class=\"elementor-heading-title elementor-size-default\">Auf Sie zugeschnittene Expertenl\u00f6sungen<\/p>\t\t\t\t<\/div>\n\t\t\t\t<div class=\"elementor-element elementor-element-d679e1f elementor-widget elementor-widget-heading\" data-id=\"d679e1f\" data-element_type=\"widget\" data-widget_type=\"heading.default\">\n\t\t\t\t\t<h2 class=\"elementor-heading-title elementor-size-default\">M\u00f6chten Sie alles wissen, was wir tun?<\/h2>\t\t\t\t<\/div>\n\t\t\t\t<div class=\"elementor-element elementor-element-288c21d8 elementor-widget__width-initial elementor-widget-mobile__width-inherit elementor-widget-tablet__width-inherit elementor-widget elementor-widget-text-editor\" data-id=\"288c21d8\" data-element_type=\"widget\" data-widget_type=\"text-editor.default\">\n\t\t\t\t\t\t\t\t\t<p data-start=\"123\" data-end=\"355\">Bei HSV Peritaciones bieten wir Ihnen objektive und hochtechnische Expertenleistungen f\u00fcr ein breites Spektrum an Schadensf\u00e4llen (Feuer, Sonstiges, Kfz, Schifffahrt, Industrie usw.). Informieren Sie sich, wie wir Ihnen im Einzelfall helfen k\u00f6nnen.<\/p>\n\t\t\t\t\t\t\t\t<\/div>\n\t\t\t\t<div class=\"elementor-element elementor-element-38cfdaa2 elementor-align-center elementor-widget elementor-widget-button\" data-id=\"38cfdaa2\" data-element_type=\"widget\" data-widget_type=\"button.default\">\n\t\t\t\t\t\t\t\t\t\t<a class=\"elementor-button elementor-button-link elementor-size-sm\" href=\"https:\/\/www.hsvperitaciones.es\/de\/leistungen\/\" title=\"Contacto\">\n\t\t\t\t\t\t<span class=\"elementor-button-content-wrapper\">\n\t\t\t\t\t\t\t\t\t<span class=\"elementor-button-text\">Siehe Dienstleistungen<\/span>\n\t\t\t\t\t<\/span>\n\t\t\t\t\t<\/a>\n\t\t\t\t\t\t\t\t<\/div>\n\t\t\t\t<\/div>\n\t\t\t\t\t<\/div>\n\t\t\t\t<\/div>\n\t\t\t\t<\/div>\n\t\t\t\t<\/div>\n\t\t\t\t\t\t<\/div>\n\t\t\t\t<\/div>\n\t\t\t\t<\/div>\n\t\t\t\t<\/div>\n\t\t","protected":false},"excerpt":{"rendered":"<p>Kontakt KONTAKTIEREN SIE UNS Wir sind hier, um Ihnen zu helfen Erkl\u00e4ren Sie uns Ihren Anspruch und unser Team reagiert mit der f\u00fcr uns typischen Schnelligkeit und Professionalit\u00e4t. Kontaktieren Sie uns, und wir beginnen mit der Bewertung. +34 605 026 197 administracion@hsvperitaciones.es Acepto la pol\u00edtica de privacidad.<\/p>\n","protected":false},"author":1,"featured_media":0,"parent":0,"menu_order":0,"comment_status":"closed","ping_status":"closed","template":"","meta":{"footnotes":""},"class_list":["post-14525","page","type-page","status-publish","hentry"],"yoast_head":"<!-- This site is optimized with the Yoast SEO plugin v26.0 - https:\/\/yoast.com\/wordpress\/plugins\/seo\/ -->\n<title>Kontakt | HSV Expertise \u2013 Fachgutachten und Bewertungen<\/title>\n<meta name=\"description\" content=\"Ben\u00f6tigen Sie eine Bewertung oder ein Gutachten? Kontaktieren Sie HSV Peritaciones und erhalten Sie schnelle und professionelle Beratung. Wir helfen Ihnen gerne weiter.\" \/>\n<meta name=\"robots\" content=\"index, follow, max-snippet:-1, max-image-preview:large, max-video-preview:-1\" \/>\n<link rel=\"canonical\" href=\"https:\/\/www.hsvperitaciones.es\/de\/kontakt\/\" \/>\n<meta property=\"og:locale\" content=\"de_DE\" \/>\n<meta property=\"og:type\" content=\"article\" \/>\n<meta property=\"og:title\" content=\"Kontakt | HSV Expertise \u2013 Fachgutachten und Bewertungen\" \/>\n<meta property=\"og:description\" content=\"Ben\u00f6tigen Sie eine Bewertung oder ein Gutachten? Kontaktieren Sie HSV Peritaciones und erhalten Sie schnelle und professionelle Beratung. Wir helfen Ihnen gerne weiter.\" \/>\n<meta property=\"og:url\" content=\"https:\/\/www.hsvperitaciones.es\/de\/kontakt\/\" \/>\n<meta property=\"og:site_name\" content=\"HSV\" \/>\n<meta property=\"article:modified_time\" content=\"2025-09-22T08:04:33+00:00\" \/>\n<meta name=\"twitter:card\" content=\"summary_large_image\" \/>\n<script type=\"application\/ld+json\" class=\"yoast-schema-graph\">{\"@context\":\"https:\/\/schema.org\",\"@graph\":[{\"@type\":\"WebPage\",\"@id\":\"https:\/\/www.hsvperitaciones.es\/de\/kontakt\/\",\"url\":\"https:\/\/www.hsvperitaciones.es\/de\/kontakt\/\",\"name\":\"Kontakt | HSV Expertise \u2013 Fachgutachten und Bewertungen\",\"isPartOf\":{\"@id\":\"https:\/\/www.hsvperitaciones.es\/de\/#website\"},\"datePublished\":\"2025-08-26T07:49:44+00:00\",\"dateModified\":\"2025-09-22T08:04:33+00:00\",\"description\":\"Ben\u00f6tigen Sie eine Bewertung oder ein Gutachten? Kontaktieren Sie HSV Peritaciones und erhalten Sie schnelle und professionelle Beratung. Wir helfen Ihnen gerne weiter.\",\"breadcrumb\":{\"@id\":\"https:\/\/www.hsvperitaciones.es\/de\/kontakt\/#breadcrumb\"},\"inLanguage\":\"de\",\"potentialAction\":[{\"@type\":\"ReadAction\",\"target\":[\"https:\/\/www.hsvperitaciones.es\/de\/kontakt\/\"]}]},{\"@type\":\"BreadcrumbList\",\"@id\":\"https:\/\/www.hsvperitaciones.es\/de\/kontakt\/#breadcrumb\",\"itemListElement\":[{\"@type\":\"ListItem\",\"position\":1,\"name\":\"Portada\",\"item\":\"https:\/\/www.hsvperitaciones.es\/de\/\"},{\"@type\":\"ListItem\",\"position\":2,\"name\":\"Kontakt\"}]},{\"@type\":\"WebSite\",\"@id\":\"https:\/\/www.hsvperitaciones.es\/de\/#website\",\"url\":\"https:\/\/www.hsvperitaciones.es\/de\/\",\"name\":\"HSV\",\"description\":\"Peritaciones\",\"publisher\":{\"@id\":\"https:\/\/www.hsvperitaciones.es\/de\/#organization\"},\"potentialAction\":[{\"@type\":\"SearchAction\",\"target\":{\"@type\":\"EntryPoint\",\"urlTemplate\":\"https:\/\/www.hsvperitaciones.es\/de\/?s={search_term_string}\"},\"query-input\":{\"@type\":\"PropertyValueSpecification\",\"valueRequired\":true,\"valueName\":\"search_term_string\"}}],\"inLanguage\":\"de\"},{\"@type\":\"Organization\",\"@id\":\"https:\/\/www.hsvperitaciones.es\/de\/#organization\",\"name\":\"HSV\",\"url\":\"https:\/\/www.hsvperitaciones.es\/de\/\",\"logo\":{\"@type\":\"ImageObject\",\"inLanguage\":\"de\",\"@id\":\"https:\/\/www.hsvperitaciones.es\/de\/#\/schema\/logo\/image\/\",\"url\":\"https:\/\/www.hsvperitaciones.es\/wp-content\/uploads\/2025\/08\/Sin-fondo-1.png\",\"contentUrl\":\"https:\/\/www.hsvperitaciones.es\/wp-content\/uploads\/2025\/08\/Sin-fondo-1.png\",\"width\":507,\"height\":142,\"caption\":\"HSV\"},\"image\":{\"@id\":\"https:\/\/www.hsvperitaciones.es\/de\/#\/schema\/logo\/image\/\"}}]}<\/script>\n<!-- \/ Yoast SEO plugin. -->","yoast_head_json":{"title":"Kontakt | HSV Expertise \u2013 Fachgutachten und Bewertungen","description":"Ben\u00f6tigen Sie eine Bewertung oder ein Gutachten? Kontaktieren Sie HSV Peritaciones und erhalten Sie schnelle und professionelle Beratung. Wir helfen Ihnen gerne weiter.","robots":{"index":"index","follow":"follow","max-snippet":"max-snippet:-1","max-image-preview":"max-image-preview:large","max-video-preview":"max-video-preview:-1"},"canonical":"https:\/\/www.hsvperitaciones.es\/de\/kontakt\/","og_locale":"de_DE","og_type":"article","og_title":"Kontakt | HSV Expertise \u2013 Fachgutachten und Bewertungen","og_description":"Ben\u00f6tigen Sie eine Bewertung oder ein Gutachten? Kontaktieren Sie HSV Peritaciones und erhalten Sie schnelle und professionelle Beratung. Wir helfen Ihnen gerne weiter.","og_url":"https:\/\/www.hsvperitaciones.es\/de\/kontakt\/","og_site_name":"HSV","article_modified_time":"2025-09-22T08:04:33+00:00","twitter_card":"summary_large_image","schema":{"@context":"https:\/\/schema.org","@graph":[{"@type":"WebPage","@id":"https:\/\/www.hsvperitaciones.es\/de\/kontakt\/","url":"https:\/\/www.hsvperitaciones.es\/de\/kontakt\/","name":"Kontakt | HSV Expertise \u2013 Fachgutachten und Bewertungen","isPartOf":{"@id":"https:\/\/www.hsvperitaciones.es\/de\/#website"},"datePublished":"2025-08-26T07:49:44+00:00","dateModified":"2025-09-22T08:04:33+00:00","description":"Ben\u00f6tigen Sie eine Bewertung oder ein Gutachten? Kontaktieren Sie HSV Peritaciones und erhalten Sie schnelle und professionelle Beratung. Wir helfen Ihnen gerne weiter.","breadcrumb":{"@id":"https:\/\/www.hsvperitaciones.es\/de\/kontakt\/#breadcrumb"},"inLanguage":"de","potentialAction":[{"@type":"ReadAction","target":["https:\/\/www.hsvperitaciones.es\/de\/kontakt\/"]}]},{"@type":"BreadcrumbList","@id":"https:\/\/www.hsvperitaciones.es\/de\/kontakt\/#breadcrumb","itemListElement":[{"@type":"ListItem","position":1,"name":"Portada","item":"https:\/\/www.hsvperitaciones.es\/de\/"},{"@type":"ListItem","position":2,"name":"Kontakt"}]},{"@type":"WebSite","@id":"https:\/\/www.hsvperitaciones.es\/de\/#website","url":"https:\/\/www.hsvperitaciones.es\/de\/","name":"HSV","description":"Peritaciones","publisher":{"@id":"https:\/\/www.hsvperitaciones.es\/de\/#organization"},"potentialAction":[{"@type":"SearchAction","target":{"@type":"EntryPoint","urlTemplate":"https:\/\/www.hsvperitaciones.es\/de\/?s={search_term_string}"},"query-input":{"@type":"PropertyValueSpecification","valueRequired":true,"valueName":"search_term_string"}}],"inLanguage":"de"},{"@type":"Organization","@id":"https:\/\/www.hsvperitaciones.es\/de\/#organization","name":"HSV","url":"https:\/\/www.hsvperitaciones.es\/de\/","logo":{"@type":"ImageObject","inLanguage":"de","@id":"https:\/\/www.hsvperitaciones.es\/de\/#\/schema\/logo\/image\/","url":"https:\/\/www.hsvperitaciones.es\/wp-content\/uploads\/2025\/08\/Sin-fondo-1.png","contentUrl":"https:\/\/www.hsvperitaciones.es\/wp-content\/uploads\/2025\/08\/Sin-fondo-1.png","width":507,"height":142,"caption":"HSV"},"image":{"@id":"https:\/\/www.hsvperitaciones.es\/de\/#\/schema\/logo\/image\/"}}]}},"_links":{"self":[{"href":"https:\/\/www.hsvperitaciones.es\/de\/wp-json\/wp\/v2\/pages\/14525","targetHints":{"allow":["GET"]}}],"collection":[{"href":"https:\/\/www.hsvperitaciones.es\/de\/wp-json\/wp\/v2\/pages"}],"about":[{"href":"https:\/\/www.hsvperitaciones.es\/de\/wp-json\/wp\/v2\/types\/page"}],"author":[{"embeddable":true,"href":"https:\/\/www.hsvperitaciones.es\/de\/wp-json\/wp\/v2\/users\/1"}],"replies":[{"embeddable":true,"href":"https:\/\/www.hsvperitaciones.es\/de\/wp-json\/wp\/v2\/comments?post=14525"}],"version-history":[{"count":1,"href":"https:\/\/www.hsvperitaciones.es\/de\/wp-json\/wp\/v2\/pages\/14525\/revisions"}],"predecessor-version":[{"id":14526,"href":"https:\/\/www.hsvperitaciones.es\/de\/wp-json\/wp\/v2\/pages\/14525\/revisions\/14526"}],"wp:attachment":[{"href":"https:\/\/www.hsvperitaciones.es\/de\/wp-json\/wp\/v2\/media?parent=14525"}],"curies":[{"name":"wp","href":"https:\/\/api.w.org\/{rel}","templated":true}]}}