{"id":14530,"date":"2025-08-28T13:54:47","date_gmt":"2025-08-28T13:54:47","guid":{"rendered":"https:\/\/www.hsvperitaciones.es\/cookie-richtlinie\/"},"modified":"2025-09-22T08:19:47","modified_gmt":"2025-09-22T08:19:47","slug":"cookie-richtlinie","status":"publish","type":"page","link":"https:\/\/www.hsvperitaciones.es\/de\/cookie-richtlinie\/","title":{"rendered":"Cookie-Richtlinie"},"content":{"rendered":"\n<p>Was sind Cookies? <\/p>\n\n<p>Im Englischen bedeutet der Begriff \u201eCookie\u201c Pl\u00e4tzchen, aber im Bereich des Web-Browsings ist ein <\/p>\n\n<p>\u201eCookie\u201c ist etwas ganz anderes. <\/p>\n\n<p>Wenn Sie auf unsere Website zugreifen, wird im Browser Ihres Ger\u00e4ts eine kleine Textdatei, ein sogenanntes \u201eCookie\u201c, gespeichert. Dieser Text enth\u00e4lt verschiedene Informationen zu Ihren Surfgewohnheiten, Pr\u00e4ferenzen, Inhaltsanpassungen usw.  <\/p>\n\n<p>Es gibt andere Technologien mit \u00e4hnlicher Funktion, die ebenfalls Daten \u00fcber Ihr Surfverhalten erfassen. Wir bezeichnen diese Technologien zusammenfassend als \u201eCookies\u201c.  <\/p>\n\n<p>Unsere spezifischen Verwendungen dieser Technologien werden in diesem Dokument beschrieben. <\/p>\n\n<p>\u202f\u00a0<\/p>\n\n<p>Wof\u00fcr werden Cookies auf dieser Website verwendet? <\/p>\n\n<p>Cookies sind ein wesentlicher Bestandteil der Funktionsweise unserer Website. Der Hauptzweck unserer Cookies besteht darin, Ihr Browser-Erlebnis zu verbessern. Beispielsweise sollen Ihre Pr\u00e4ferenzen (Sprache, Land usw.) w\u00e4hrend des Surfens und bei zuk\u00fcnftigen Besuchen gespeichert werden. Die in Cookies gesammelten Informationen erm\u00f6glichen es uns au\u00dferdem, die Website zu verbessern, sie an Ihre Interessen als Benutzer anzupassen, Suchvorg\u00e4nge zu beschleunigen usw.    <\/p>\n\n<p>In bestimmten F\u00e4llen k\u00f6nnen wir Cookies, sofern wir zuvor Ihre Einwilligung eingeholt haben, auch f\u00fcr andere Zwecke verwenden, beispielsweise um Informationen zu erhalten, die es uns erm\u00f6glichen, Ihnen auf Grundlage einer Analyse Ihrer Surfgewohnheiten Werbung anzuzeigen. <\/p>\n\n<p>\u202f\u00a0<\/p>\n\n<p>Warum werden auf dieser Website KEINE Cookies verwendet? <\/p>\n\n<p>Die von uns verwendeten Cookies speichern keine sensiblen pers\u00f6nlichen Daten wie Ihren Namen, Ihre Adresse, Ihr Passwort usw. <\/p>\n\n<p>\u202f\u00a0<\/p>\n\n<p>Wer nutzt die in Cookies gespeicherten Informationen? <\/p>\n\n<p>Die in den Cookies unserer Website gespeicherten Informationen werden ausschlie\u00dflich von uns verwendet, mit Ausnahme der unten als \u201eDrittanbieter-Cookies\u201c bezeichneten Cookies, die von externen Unternehmen verwendet und verwaltet werden, die uns Dienste zur Verbesserung der Benutzerfreundlichkeit bereitstellen. Beispielsweise werden die gesammelten Statistiken \u00fcber die Anzahl der Besuche, die beliebtesten Inhalte usw. in der Regel von Google Analytics verwaltet.  <\/p>\n\n<p>Cookies von Drittanbietern werden h\u00e4ufig auch verwendet, um Zahlungstransaktionen \u00fcber die Website abzusichern. <\/p>\n\n<p>\u202f\u00a0<\/p>\n\n<p>Wie kann ich die Verwendung von Cookies auf dieser Website verhindern? <\/p>\n\n<p>Wenn Sie die Verwendung von Cookies lieber vermeiden m\u00f6chten, k\u00f6nnen Sie deren Verwendung ABLEHNEN oder KONFIGURIEREN, welche Sie vermeiden und welche Sie zulassen m\u00f6chten (in diesem Dokument stellen wir detaillierte Informationen zu jeder Art von Cookie, ihrem Zweck, Empf\u00e4nger, ihrer Dauer usw. bereit). <\/p>\n\n<p>Wenn Sie diese akzeptiert haben, werden wir Sie nicht erneut fragen, es sei denn, Sie l\u00f6schen die Cookies auf Ihrem Ger\u00e4t, wie im folgenden Abschnitt beschrieben. <\/p>\n\n<p>Wenn Sie Ihre Einwilligung widerrufen m\u00f6chten, m\u00fcssen Sie Ihre Cookies l\u00f6schen und neu konfigurieren. <\/p>\n\n<p>\u202f\u00a0<\/p>\n\n<p>Wie kann ich die Verwendung von Cookies deaktivieren und l\u00f6schen? <\/p>\n\n<p>Sie k\u00f6nnen Cookies dieser Website (und von Drittanbietern) jederzeit in Ihren Browsereinstellungen einschr\u00e4nken, blockieren oder l\u00f6schen. Beachten Sie, dass diese Einstellungen je nach Browser unterschiedlich sind. In der Regel finden Sie die Cookie-Einstellungen jedoch in den Men\u00fcs \u201eEinstellungen\u201c, \u201eExtras\u201c, \u201eOptionen\u201c und \u201eDatenschutz &amp; Cookies\u201c.  <\/p>\n\n<p>Sicherheit\u201c oder \u201eBrowserdaten l\u00f6schen\u201c usw. <\/p>\n\n<p>Weitere Einzelheiten zu den Cookie-Einstellungen f\u00fcr die einzelnen Browser finden Sie im \u201eHilfe\u201c-Men\u00fc Ihres Browsers. <\/p>\n\n<p>\u202f\u00a0<\/p>\n\n<p>Welche Arten von Cookies werden auf dieser Website verwendet? <\/p>\n\n<p>Jede Website verwendet eigene Cookies. Wir verwenden auf unserer Website folgende Cookies:  <\/p>\n\n<p><strong>NACH ANGABEN DER VERWALTENDEN GESELLSCHAFT<\/strong> <\/p>\n\n<p><strong>\u2022 Eigene Cookies:<\/strong> <\/p>\n\n<p>Dabei handelt es sich um Cookies, die von einem vom Herausgeber selbst verwalteten Computer oder einer Dom\u00e4ne an das Endger\u00e4t des Benutzers gesendet werden und von denen aus der vom Benutzer angeforderte Dienst bereitgestellt wird. <\/p>\n\n<p><strong>\u2022 Cookies von Drittanbietern:<\/strong> <\/p>\n\n<p>Dabei handelt es sich um Cookies, die von einem Computer oder einer Dom\u00e4ne an das Endger\u00e4t des Benutzers gesendet werden, die nicht vom Herausgeber, sondern von einer anderen Stelle verwaltet wird, die die durch die Cookies erhaltenen Daten verarbeitet. <\/p>\n\n<p>Falls Cookies von einem Computer oder einer Dom\u00e4ne bereitgestellt werden, die vom Herausgeber selbst verwaltet wird, die \u00fcber sie gesammelten Informationen jedoch von einem Drittanbieter verwaltet werden, k\u00f6nnen sie nicht als Erstanbieter-Cookies betrachtet werden, wenn der Drittanbieter sie f\u00fcr seine eigenen Zwecke verwendet (z. B. zur Verbesserung der von ihm bereitgestellten Dienste oder zur Bereitstellung von Werbediensten f\u00fcr andere Unternehmen). <\/p>\n\n<p>\u202f\u00a0<\/p>\n\n<p><strong>NACH SEINEM ZWECK<\/strong> <\/p>\n\n<p><strong>\u2022 Technische Cookies:<\/strong> <\/p>\n\n<p>Diese sind f\u00fcr die Navigation und das ordnungsgem\u00e4\u00dfe Funktionieren unserer Website erforderlich, wie z. B. die Kontrolle des Datenverkehrs und der Datenkommunikation, die Identifizierung der Sitzung, der Zugriff auf Bereiche mit eingeschr\u00e4nktem Zugriff, die Speicherung der Elemente einer Bestellung, die Durchf\u00fchrung des Kaufvorgangs einer Bestellung, die Zahlungsverwaltung, die Kontrolle von Betrug im Zusammenhang mit der Sicherheit des Dienstes, die Beantragung einer Registrierung oder Teilnahme an einer Veranstaltung, das Z\u00e4hlen von Besuchen zum Zwecke der Abrechnung von Softwarelizenzen, mit denen der Dienst (Website, Plattform oder Anwendung) arbeitet, die Verwendung von Sicherheitselementen w\u00e4hrend der Navigation, das Speichern von Inhalten zur Verbreitung von Videos oder Ton, das Aktivieren dynamischer Inhalte (z. B. Animationen zum Laden eines Textes oder Bildes) oder das Teilen von Inhalten \u00fcber soziale Netzwerke. <\/p>\n\n<p><strong>\u2022 Analyse-Cookies:<\/strong> <\/p>\n\n<p>Diese Cookies erm\u00f6glichen es uns, die Anzahl der Benutzer zu quantifizieren und somit statistische Messungen und Analysen dar\u00fcber durchzuf\u00fchren, wie Benutzer den angebotenen Dienst nutzen. Zu diesem Zweck analysieren wir Ihr Surfverhalten auf unserer Website, um die von uns angebotenen Produkte und Dienstleistungen zu verbessern. <\/p>\n\n<p><strong>\u2022 Pr\u00e4ferenz- oder Personalisierungs-Cookies:<\/strong> <\/p>\n\n<p>Dabei handelt es sich um Cookies, die das Speichern von Informationen erm\u00f6glichen, damit der Benutzer auf den Dienst mit bestimmten Merkmalen zugreift, die seine Erfahrung von der anderer Benutzer unterscheiden k\u00f6nnen, wie beispielsweise die Sprache, die Anzahl der anzuzeigenden Ergebnisse, wenn der Benutzer eine Suche durchf\u00fchrt, das Erscheinungsbild oder der Inhalt des Dienstes je nach Browsertyp, \u00fcber den der Benutzer auf den Dienst zugreift, oder der Region, aus der er auf den Dienst zugreift, usw. <\/p>\n\n<p><strong>\u2022 Verhaltensbasierte Werbung:<\/strong> <\/p>\n\n<p>Dabei handelt es sich um Cookies, die von uns oder Dritten verarbeitet werden und es uns erm\u00f6glichen, Ihr Surfverhalten im Internet zu analysieren, damit wir Ihnen Werbung anzeigen k\u00f6nnen, die auf Ihr Browserprofil abgestimmt ist. <\/p>\n\n<p>\u202f\u00a0<\/p>\n\n<p><strong>JE NACH ZEITRAUM, DEN SIE AKTIVIERT BLEIBEN<\/strong> <\/p>\n\n<p><strong>\u2022 Sitzungscookies:<\/strong> <\/p>\n\n<p>Dabei handelt es sich um Cookies, die dazu dienen, Daten zu sammeln und zu speichern, w\u00e4hrend der Benutzer auf eine Webseite zugreift. <\/p>\n\n<p>Sie werden in der Regel dazu verwendet, Informationen zu speichern, die nur einmalig zur Erbringung der vom Benutzer angeforderten Dienstleistung ben\u00f6tigt werden (beispielsweise eine Liste der gekauften Produkte) und verschwinden am Ende der Sitzung. <\/p>\n\n<p><strong>\u2022 Dauerhafte Cookies:<\/strong> <\/p>\n\n<p>Hierbei handelt es sich um solche, bei denen die Daten im Terminal gespeichert bleiben und f\u00fcr einen vom Cookie-Verantwortlichen festgelegten Zeitraum, der von einigen Minuten bis zu mehreren Jahren reichen kann, abgerufen und verarbeitet werden k\u00f6nnen. In diesem Zusammenhang muss speziell gepr\u00fcft werden, ob die Verwendung dauerhafter Cookies erforderlich ist, da die Risiken f\u00fcr die Privatsph\u00e4re durch die Verwendung von Sitzungscookies verringert werden k\u00f6nnten. In jedem Fall wird bei der Installation dauerhafter Cookies empfohlen, deren Dauer unter Ber\u00fccksichtigung des Verwendungszwecks auf das erforderliche Minimum zu reduzieren. Zu diesen Zwecken ist die    <\/p>\n\n<p>In der Stellungnahme 4\/2012 der WP29 hei\u00dft es, dass ein Cookie nur dann von der Pflicht zur informierten Einwilligung ausgenommen werden kann, wenn sein Ablauf im Zusammenhang mit seinem Zweck steht. Daher sind Sitzungscookies viel eher von der Pflicht zur Einwilligung ausgenommen als dauerhafte Cookies.  <\/p>\n\n<p>Details zu den auf dieser Website verwendeten Cookies: <\/p>\n\n<figure class=\"wp-block-image size-full\"><img fetchpriority=\"high\" decoding=\"async\" width=\"849\" height=\"414\" src=\"https:\/\/www.hsvperitaciones.es\/wp-content\/uploads\/2025\/09\/image.png\" alt=\"\" class=\"wp-image-13433\" srcset=\"https:\/\/www.hsvperitaciones.es\/wp-content\/uploads\/2025\/09\/image.png 849w, https:\/\/www.hsvperitaciones.es\/wp-content\/uploads\/2025\/09\/image-768x375.png 768w\" sizes=\"(max-width: 849px) 100vw, 849px\" \/><\/figure>\n\n<figure class=\"wp-block-image size-full\"><img decoding=\"async\" width=\"849\" height=\"597\" src=\"https:\/\/www.hsvperitaciones.es\/wp-content\/uploads\/2025\/09\/image-1.png\" alt=\"\" class=\"wp-image-13434\" srcset=\"https:\/\/www.hsvperitaciones.es\/wp-content\/uploads\/2025\/09\/image-1.png 849w, https:\/\/www.hsvperitaciones.es\/wp-content\/uploads\/2025\/09\/image-1-768x540.png 768w\" sizes=\"(max-width: 849px) 100vw, 849px\" \/><\/figure>\n","protected":false},"excerpt":{"rendered":"<p>Was sind Cookies? Im Englischen bedeutet der Begriff \u201eCookie\u201c Pl\u00e4tzchen, aber im Bereich des Web-Browsings ist ein \u201eCookie\u201c ist etwas ganz anderes. Wenn Sie auf unsere Website zugreifen, wird im Browser Ihres Ger\u00e4ts eine kleine Textdatei, ein sogenanntes \u201eCookie\u201c, gespeichert. Dieser Text enth\u00e4lt verschiedene Informationen zu Ihren Surfgewohnheiten, Pr\u00e4ferenzen, Inhaltsanpassungen usw. Es gibt andere Technologien<\/p>\n","protected":false},"author":1,"featured_media":0,"parent":0,"menu_order":0,"comment_status":"closed","ping_status":"closed","template":"","meta":{"footnotes":""},"class_list":["post-14530","page","type-page","status-publish","hentry"],"yoast_head":"<!-- This site is optimized with the Yoast SEO plugin v26.0 - https:\/\/yoast.com\/wordpress\/plugins\/seo\/ -->\n<title>Cookie-Richtlinie - HSV<\/title>\n<meta name=\"robots\" content=\"index, follow, max-snippet:-1, max-image-preview:large, max-video-preview:-1\" \/>\n<link rel=\"canonical\" href=\"https:\/\/www.hsvperitaciones.es\/de\/cookie-richtlinie\/\" \/>\n<meta property=\"og:locale\" content=\"de_DE\" \/>\n<meta property=\"og:type\" content=\"article\" \/>\n<meta property=\"og:title\" content=\"Cookie-Richtlinie - HSV\" \/>\n<meta property=\"og:description\" content=\"Was sind Cookies? Im Englischen bedeutet der Begriff \u201eCookie\u201c Pl\u00e4tzchen, aber im Bereich des Web-Browsings ist ein \u201eCookie\u201c ist etwas ganz anderes. Wenn Sie auf unsere Website zugreifen, wird im Browser Ihres Ger\u00e4ts eine kleine Textdatei, ein sogenanntes \u201eCookie\u201c, gespeichert. Dieser Text enth\u00e4lt verschiedene Informationen zu Ihren Surfgewohnheiten, Pr\u00e4ferenzen, Inhaltsanpassungen usw. Es gibt andere Technologien\" \/>\n<meta property=\"og:url\" content=\"https:\/\/www.hsvperitaciones.es\/de\/cookie-richtlinie\/\" \/>\n<meta property=\"og:site_name\" content=\"HSV\" \/>\n<meta property=\"article:modified_time\" content=\"2025-09-22T08:19:47+00:00\" \/>\n<meta property=\"og:image\" content=\"https:\/\/www.hsvperitaciones.es\/wp-content\/uploads\/2025\/09\/image.png\" \/>\n\t<meta property=\"og:image:width\" content=\"849\" \/>\n\t<meta property=\"og:image:height\" content=\"414\" \/>\n\t<meta property=\"og:image:type\" content=\"image\/png\" \/>\n<meta name=\"twitter:card\" content=\"summary_large_image\" \/>\n<meta name=\"twitter:label1\" content=\"Gesch\u00e4tzte Lesezeit\" \/>\n\t<meta name=\"twitter:data1\" content=\"6\u00a0Minuten\" \/>\n<script type=\"application\/ld+json\" class=\"yoast-schema-graph\">{\"@context\":\"https:\/\/schema.org\",\"@graph\":[{\"@type\":\"WebPage\",\"@id\":\"https:\/\/www.hsvperitaciones.es\/de\/cookie-richtlinie\/\",\"url\":\"https:\/\/www.hsvperitaciones.es\/de\/cookie-richtlinie\/\",\"name\":\"Cookie-Richtlinie - HSV\",\"isPartOf\":{\"@id\":\"https:\/\/www.hsvperitaciones.es\/de\/#website\"},\"primaryImageOfPage\":{\"@id\":\"https:\/\/www.hsvperitaciones.es\/de\/cookie-richtlinie\/#primaryimage\"},\"image\":{\"@id\":\"https:\/\/www.hsvperitaciones.es\/de\/cookie-richtlinie\/#primaryimage\"},\"thumbnailUrl\":\"https:\/\/www.hsvperitaciones.es\/wp-content\/uploads\/2025\/09\/image.png\",\"datePublished\":\"2025-08-28T13:54:47+00:00\",\"dateModified\":\"2025-09-22T08:19:47+00:00\",\"breadcrumb\":{\"@id\":\"https:\/\/www.hsvperitaciones.es\/de\/cookie-richtlinie\/#breadcrumb\"},\"inLanguage\":\"de\",\"potentialAction\":[{\"@type\":\"ReadAction\",\"target\":[\"https:\/\/www.hsvperitaciones.es\/de\/cookie-richtlinie\/\"]}]},{\"@type\":\"ImageObject\",\"inLanguage\":\"de\",\"@id\":\"https:\/\/www.hsvperitaciones.es\/de\/cookie-richtlinie\/#primaryimage\",\"url\":\"https:\/\/www.hsvperitaciones.es\/wp-content\/uploads\/2025\/09\/image.png\",\"contentUrl\":\"https:\/\/www.hsvperitaciones.es\/wp-content\/uploads\/2025\/09\/image.png\"},{\"@type\":\"BreadcrumbList\",\"@id\":\"https:\/\/www.hsvperitaciones.es\/de\/cookie-richtlinie\/#breadcrumb\",\"itemListElement\":[{\"@type\":\"ListItem\",\"position\":1,\"name\":\"Portada\",\"item\":\"https:\/\/www.hsvperitaciones.es\/de\/\"},{\"@type\":\"ListItem\",\"position\":2,\"name\":\"Cookie-Richtlinie\"}]},{\"@type\":\"WebSite\",\"@id\":\"https:\/\/www.hsvperitaciones.es\/de\/#website\",\"url\":\"https:\/\/www.hsvperitaciones.es\/de\/\",\"name\":\"HSV\",\"description\":\"Peritaciones\",\"publisher\":{\"@id\":\"https:\/\/www.hsvperitaciones.es\/de\/#organization\"},\"potentialAction\":[{\"@type\":\"SearchAction\",\"target\":{\"@type\":\"EntryPoint\",\"urlTemplate\":\"https:\/\/www.hsvperitaciones.es\/de\/?s={search_term_string}\"},\"query-input\":{\"@type\":\"PropertyValueSpecification\",\"valueRequired\":true,\"valueName\":\"search_term_string\"}}],\"inLanguage\":\"de\"},{\"@type\":\"Organization\",\"@id\":\"https:\/\/www.hsvperitaciones.es\/de\/#organization\",\"name\":\"HSV\",\"url\":\"https:\/\/www.hsvperitaciones.es\/de\/\",\"logo\":{\"@type\":\"ImageObject\",\"inLanguage\":\"de\",\"@id\":\"https:\/\/www.hsvperitaciones.es\/de\/#\/schema\/logo\/image\/\",\"url\":\"https:\/\/www.hsvperitaciones.es\/wp-content\/uploads\/2025\/08\/Sin-fondo-1.png\",\"contentUrl\":\"https:\/\/www.hsvperitaciones.es\/wp-content\/uploads\/2025\/08\/Sin-fondo-1.png\",\"width\":507,\"height\":142,\"caption\":\"HSV\"},\"image\":{\"@id\":\"https:\/\/www.hsvperitaciones.es\/de\/#\/schema\/logo\/image\/\"}}]}<\/script>\n<!-- \/ Yoast SEO plugin. -->","yoast_head_json":{"title":"Cookie-Richtlinie - HSV","robots":{"index":"index","follow":"follow","max-snippet":"max-snippet:-1","max-image-preview":"max-image-preview:large","max-video-preview":"max-video-preview:-1"},"canonical":"https:\/\/www.hsvperitaciones.es\/de\/cookie-richtlinie\/","og_locale":"de_DE","og_type":"article","og_title":"Cookie-Richtlinie - HSV","og_description":"Was sind Cookies? Im Englischen bedeutet der Begriff \u201eCookie\u201c Pl\u00e4tzchen, aber im Bereich des Web-Browsings ist ein \u201eCookie\u201c ist etwas ganz anderes. Wenn Sie auf unsere Website zugreifen, wird im Browser Ihres Ger\u00e4ts eine kleine Textdatei, ein sogenanntes \u201eCookie\u201c, gespeichert. Dieser Text enth\u00e4lt verschiedene Informationen zu Ihren Surfgewohnheiten, Pr\u00e4ferenzen, Inhaltsanpassungen usw. Es gibt andere Technologien","og_url":"https:\/\/www.hsvperitaciones.es\/de\/cookie-richtlinie\/","og_site_name":"HSV","article_modified_time":"2025-09-22T08:19:47+00:00","og_image":[{"width":849,"height":414,"url":"https:\/\/www.hsvperitaciones.es\/wp-content\/uploads\/2025\/09\/image.png","type":"image\/png"}],"twitter_card":"summary_large_image","twitter_misc":{"Gesch\u00e4tzte Lesezeit":"6\u00a0Minuten"},"schema":{"@context":"https:\/\/schema.org","@graph":[{"@type":"WebPage","@id":"https:\/\/www.hsvperitaciones.es\/de\/cookie-richtlinie\/","url":"https:\/\/www.hsvperitaciones.es\/de\/cookie-richtlinie\/","name":"Cookie-Richtlinie - HSV","isPartOf":{"@id":"https:\/\/www.hsvperitaciones.es\/de\/#website"},"primaryImageOfPage":{"@id":"https:\/\/www.hsvperitaciones.es\/de\/cookie-richtlinie\/#primaryimage"},"image":{"@id":"https:\/\/www.hsvperitaciones.es\/de\/cookie-richtlinie\/#primaryimage"},"thumbnailUrl":"https:\/\/www.hsvperitaciones.es\/wp-content\/uploads\/2025\/09\/image.png","datePublished":"2025-08-28T13:54:47+00:00","dateModified":"2025-09-22T08:19:47+00:00","breadcrumb":{"@id":"https:\/\/www.hsvperitaciones.es\/de\/cookie-richtlinie\/#breadcrumb"},"inLanguage":"de","potentialAction":[{"@type":"ReadAction","target":["https:\/\/www.hsvperitaciones.es\/de\/cookie-richtlinie\/"]}]},{"@type":"ImageObject","inLanguage":"de","@id":"https:\/\/www.hsvperitaciones.es\/de\/cookie-richtlinie\/#primaryimage","url":"https:\/\/www.hsvperitaciones.es\/wp-content\/uploads\/2025\/09\/image.png","contentUrl":"https:\/\/www.hsvperitaciones.es\/wp-content\/uploads\/2025\/09\/image.png"},{"@type":"BreadcrumbList","@id":"https:\/\/www.hsvperitaciones.es\/de\/cookie-richtlinie\/#breadcrumb","itemListElement":[{"@type":"ListItem","position":1,"name":"Portada","item":"https:\/\/www.hsvperitaciones.es\/de\/"},{"@type":"ListItem","position":2,"name":"Cookie-Richtlinie"}]},{"@type":"WebSite","@id":"https:\/\/www.hsvperitaciones.es\/de\/#website","url":"https:\/\/www.hsvperitaciones.es\/de\/","name":"HSV","description":"Peritaciones","publisher":{"@id":"https:\/\/www.hsvperitaciones.es\/de\/#organization"},"potentialAction":[{"@type":"SearchAction","target":{"@type":"EntryPoint","urlTemplate":"https:\/\/www.hsvperitaciones.es\/de\/?s={search_term_string}"},"query-input":{"@type":"PropertyValueSpecification","valueRequired":true,"valueName":"search_term_string"}}],"inLanguage":"de"},{"@type":"Organization","@id":"https:\/\/www.hsvperitaciones.es\/de\/#organization","name":"HSV","url":"https:\/\/www.hsvperitaciones.es\/de\/","logo":{"@type":"ImageObject","inLanguage":"de","@id":"https:\/\/www.hsvperitaciones.es\/de\/#\/schema\/logo\/image\/","url":"https:\/\/www.hsvperitaciones.es\/wp-content\/uploads\/2025\/08\/Sin-fondo-1.png","contentUrl":"https:\/\/www.hsvperitaciones.es\/wp-content\/uploads\/2025\/08\/Sin-fondo-1.png","width":507,"height":142,"caption":"HSV"},"image":{"@id":"https:\/\/www.hsvperitaciones.es\/de\/#\/schema\/logo\/image\/"}}]}},"_links":{"self":[{"href":"https:\/\/www.hsvperitaciones.es\/de\/wp-json\/wp\/v2\/pages\/14530","targetHints":{"allow":["GET"]}}],"collection":[{"href":"https:\/\/www.hsvperitaciones.es\/de\/wp-json\/wp\/v2\/pages"}],"about":[{"href":"https:\/\/www.hsvperitaciones.es\/de\/wp-json\/wp\/v2\/types\/page"}],"author":[{"embeddable":true,"href":"https:\/\/www.hsvperitaciones.es\/de\/wp-json\/wp\/v2\/users\/1"}],"replies":[{"embeddable":true,"href":"https:\/\/www.hsvperitaciones.es\/de\/wp-json\/wp\/v2\/comments?post=14530"}],"version-history":[{"count":1,"href":"https:\/\/www.hsvperitaciones.es\/de\/wp-json\/wp\/v2\/pages\/14530\/revisions"}],"predecessor-version":[{"id":14531,"href":"https:\/\/www.hsvperitaciones.es\/de\/wp-json\/wp\/v2\/pages\/14530\/revisions\/14531"}],"wp:attachment":[{"href":"https:\/\/www.hsvperitaciones.es\/de\/wp-json\/wp\/v2\/media?parent=14530"}],"curies":[{"name":"wp","href":"https:\/\/api.w.org\/{rel}","templated":true}]}}