{"id":14487,"date":"2025-08-28T13:55:04","date_gmt":"2025-08-28T13:55:04","guid":{"rendered":"https:\/\/www.hsvperitaciones.es\/accessibility-statement\/"},"modified":"2025-08-28T13:55:04","modified_gmt":"2025-08-28T13:55:04","slug":"accessibility-statement","status":"publish","type":"page","link":"https:\/\/www.hsvperitaciones.es\/en\/accessibility-statement\/","title":{"rendered":"Accessibility statement"},"content":{"rendered":"\t\t<div data-elementor-type=\"wp-page\" data-elementor-id=\"14487\" class=\"elementor elementor-14487 elementor-12794\" data-elementor-post-type=\"page\">\n\t\t\t\t<div class=\"elementor-element elementor-element-80ae713 e-con-full e-flex e-con e-parent\" data-id=\"80ae713\" data-element_type=\"container\" data-settings=\"{&quot;background_background&quot;:&quot;slideshow&quot;,&quot;background_slideshow_gallery&quot;:[{&quot;id&quot;:12980,&quot;url&quot;:&quot;https:\\\/\\\/www.hsvperitaciones.es\\\/wp-content\\\/uploads\\\/2025\\\/09\\\/hsv-oficina.webp&quot;}],&quot;background_slideshow_loop&quot;:&quot;yes&quot;,&quot;background_slideshow_slide_duration&quot;:5000,&quot;background_slideshow_slide_transition&quot;:&quot;fade&quot;,&quot;background_slideshow_transition_duration&quot;:500}\">\n\t\t\t\t<\/div>\n\t\t<div class=\"elementor-element elementor-element-32c1939 e-flex e-con-boxed e-con e-parent\" data-id=\"32c1939\" data-element_type=\"container\">\n\t\t\t\t\t<div class=\"e-con-inner\">\n\t\t<div class=\"elementor-element elementor-element-93c1f38 pr-lg-4 e-con-full e-flex e-con e-child\" data-id=\"93c1f38\" data-element_type=\"container\">\n\t\t\t\t<div class=\"elementor-element elementor-element-27286c0 elementor-widget elementor-widget-text-editor\" data-id=\"27286c0\" data-element_type=\"widget\" data-widget_type=\"text-editor.default\">\n\t\t\t\t\t\t\t\t\t<p><strong>HSV Ingenier\u00eda, peritaciones y comisario de aver\u00edas, SL<\/strong> se compromete a hacer accesible <a href=\"https:\/\/www.hsvperitaciones.es\/\">www.hsvperitaciones.es<\/a> acuerdo con el <a href=\"https:\/\/www.boe.es\/buscar\/act.php?id=BOE-A-2018-12699\" target=\"_blank\" rel=\"noopener\">Real Decreto 1112\/2018, de 7 de septiembre, sobre accesibilidad de los sitios web y aplicaciones del sector p\u00fablico para dispositivos m\u00f3viles<\/a>.<\/p><p>La presente declaraci\u00f3n de accesibilidad es de aplicaci\u00f3n al sitio web <a href=\"https:\/\/www.hsvperitaciones.es\/\">www.hsvperitaciones.es<\/a>.<\/p><p>La presente declaraci\u00f3n fue preparada el 25\/08\/2025.<\/p><p>El m\u00e9todo empleado para preparar la declaraci\u00f3n ha sido una autoevaluaci\u00f3n llevada a cabo por el propio organismo.<\/p><p>\u00daltima revisi\u00f3n de la declaraci\u00f3n: 25\/08\/2025.<\/p>\t\t\t\t\t\t\t\t<\/div>\n\t\t\t\t<\/div>\n\t\t\t\t\t<\/div>\n\t\t\t\t<\/div>\n\t\t\t\t<\/div>\n\t\t","protected":false},"excerpt":{"rendered":"<p>HSV Ingenier\u00eda, peritaciones y comisario de aver\u00edas, SL undertakes to make www.hsvperitaciones.es accessible in accordance with Royal Decree 1112\/2018, of September 7, on the accessibility of public sector websites and applications for mobile devices. This accessibility statement applies to the website www.hsvperitaciones.es. This statement was prepared on 08\/25\/2025. The method used to prepare the declaration<\/p>\n","protected":false},"author":1,"featured_media":0,"parent":0,"menu_order":0,"comment_status":"closed","ping_status":"closed","template":"","meta":{"footnotes":""},"class_list":["post-14487","page","type-page","status-publish","hentry"],"yoast_head":"<!-- This site is optimized with the Yoast SEO plugin v26.0 - https:\/\/yoast.com\/wordpress\/plugins\/seo\/ -->\n<title>Accessibility statement - HSV<\/title>\n<meta name=\"robots\" content=\"index, follow, max-snippet:-1, max-image-preview:large, max-video-preview:-1\" \/>\n<link rel=\"canonical\" href=\"https:\/\/www.hsvperitaciones.es\/en\/accessibility-statement\/\" \/>\n<meta property=\"og:locale\" content=\"en_US\" \/>\n<meta property=\"og:type\" content=\"article\" \/>\n<meta property=\"og:title\" content=\"Accessibility statement - HSV\" \/>\n<meta property=\"og:description\" content=\"HSV Ingenier\u00eda, peritaciones y comisario de aver\u00edas, SL undertakes to make www.hsvperitaciones.es accessible in accordance with Royal Decree 1112\/2018, of September 7, on the accessibility of public sector websites and applications for mobile devices. This accessibility statement applies to the website www.hsvperitaciones.es. This statement was prepared on 08\/25\/2025. The method used to prepare the declaration\" \/>\n<meta property=\"og:url\" content=\"https:\/\/www.hsvperitaciones.es\/en\/accessibility-statement\/\" \/>\n<meta property=\"og:site_name\" content=\"HSV\" \/>\n<meta name=\"twitter:card\" content=\"summary_large_image\" \/>\n<script type=\"application\/ld+json\" class=\"yoast-schema-graph\">{\"@context\":\"https:\/\/schema.org\",\"@graph\":[{\"@type\":\"WebPage\",\"@id\":\"https:\/\/www.hsvperitaciones.es\/en\/accessibility-statement\/\",\"url\":\"https:\/\/www.hsvperitaciones.es\/en\/accessibility-statement\/\",\"name\":\"Accessibility statement - HSV\",\"isPartOf\":{\"@id\":\"https:\/\/www.hsvperitaciones.es\/en\/#website\"},\"datePublished\":\"2025-08-28T13:55:04+00:00\",\"breadcrumb\":{\"@id\":\"https:\/\/www.hsvperitaciones.es\/en\/accessibility-statement\/#breadcrumb\"},\"inLanguage\":\"en-US\",\"potentialAction\":[{\"@type\":\"ReadAction\",\"target\":[\"https:\/\/www.hsvperitaciones.es\/en\/accessibility-statement\/\"]}]},{\"@type\":\"BreadcrumbList\",\"@id\":\"https:\/\/www.hsvperitaciones.es\/en\/accessibility-statement\/#breadcrumb\",\"itemListElement\":[{\"@type\":\"ListItem\",\"position\":1,\"name\":\"Portada\",\"item\":\"https:\/\/www.hsvperitaciones.es\/en\/home\/\"},{\"@type\":\"ListItem\",\"position\":2,\"name\":\"Accessibility statement\"}]},{\"@type\":\"WebSite\",\"@id\":\"https:\/\/www.hsvperitaciones.es\/en\/#website\",\"url\":\"https:\/\/www.hsvperitaciones.es\/en\/\",\"name\":\"HSV\",\"description\":\"Peritaciones\",\"publisher\":{\"@id\":\"https:\/\/www.hsvperitaciones.es\/en\/#organization\"},\"potentialAction\":[{\"@type\":\"SearchAction\",\"target\":{\"@type\":\"EntryPoint\",\"urlTemplate\":\"https:\/\/www.hsvperitaciones.es\/en\/?s={search_term_string}\"},\"query-input\":{\"@type\":\"PropertyValueSpecification\",\"valueRequired\":true,\"valueName\":\"search_term_string\"}}],\"inLanguage\":\"en-US\"},{\"@type\":\"Organization\",\"@id\":\"https:\/\/www.hsvperitaciones.es\/en\/#organization\",\"name\":\"HSV\",\"url\":\"https:\/\/www.hsvperitaciones.es\/en\/\",\"logo\":{\"@type\":\"ImageObject\",\"inLanguage\":\"en-US\",\"@id\":\"https:\/\/www.hsvperitaciones.es\/en\/#\/schema\/logo\/image\/\",\"url\":\"https:\/\/www.hsvperitaciones.es\/wp-content\/uploads\/2025\/08\/Sin-fondo-1.png\",\"contentUrl\":\"https:\/\/www.hsvperitaciones.es\/wp-content\/uploads\/2025\/08\/Sin-fondo-1.png\",\"width\":507,\"height\":142,\"caption\":\"HSV\"},\"image\":{\"@id\":\"https:\/\/www.hsvperitaciones.es\/en\/#\/schema\/logo\/image\/\"}}]}<\/script>\n<!-- \/ Yoast SEO plugin. -->","yoast_head_json":{"title":"Accessibility statement - HSV","robots":{"index":"index","follow":"follow","max-snippet":"max-snippet:-1","max-image-preview":"max-image-preview:large","max-video-preview":"max-video-preview:-1"},"canonical":"https:\/\/www.hsvperitaciones.es\/en\/accessibility-statement\/","og_locale":"en_US","og_type":"article","og_title":"Accessibility statement - HSV","og_description":"HSV Ingenier\u00eda, peritaciones y comisario de aver\u00edas, SL undertakes to make www.hsvperitaciones.es accessible in accordance with Royal Decree 1112\/2018, of September 7, on the accessibility of public sector websites and applications for mobile devices. This accessibility statement applies to the website www.hsvperitaciones.es. This statement was prepared on 08\/25\/2025. The method used to prepare the declaration","og_url":"https:\/\/www.hsvperitaciones.es\/en\/accessibility-statement\/","og_site_name":"HSV","twitter_card":"summary_large_image","schema":{"@context":"https:\/\/schema.org","@graph":[{"@type":"WebPage","@id":"https:\/\/www.hsvperitaciones.es\/en\/accessibility-statement\/","url":"https:\/\/www.hsvperitaciones.es\/en\/accessibility-statement\/","name":"Accessibility statement - HSV","isPartOf":{"@id":"https:\/\/www.hsvperitaciones.es\/en\/#website"},"datePublished":"2025-08-28T13:55:04+00:00","breadcrumb":{"@id":"https:\/\/www.hsvperitaciones.es\/en\/accessibility-statement\/#breadcrumb"},"inLanguage":"en-US","potentialAction":[{"@type":"ReadAction","target":["https:\/\/www.hsvperitaciones.es\/en\/accessibility-statement\/"]}]},{"@type":"BreadcrumbList","@id":"https:\/\/www.hsvperitaciones.es\/en\/accessibility-statement\/#breadcrumb","itemListElement":[{"@type":"ListItem","position":1,"name":"Portada","item":"https:\/\/www.hsvperitaciones.es\/en\/home\/"},{"@type":"ListItem","position":2,"name":"Accessibility statement"}]},{"@type":"WebSite","@id":"https:\/\/www.hsvperitaciones.es\/en\/#website","url":"https:\/\/www.hsvperitaciones.es\/en\/","name":"HSV","description":"Peritaciones","publisher":{"@id":"https:\/\/www.hsvperitaciones.es\/en\/#organization"},"potentialAction":[{"@type":"SearchAction","target":{"@type":"EntryPoint","urlTemplate":"https:\/\/www.hsvperitaciones.es\/en\/?s={search_term_string}"},"query-input":{"@type":"PropertyValueSpecification","valueRequired":true,"valueName":"search_term_string"}}],"inLanguage":"en-US"},{"@type":"Organization","@id":"https:\/\/www.hsvperitaciones.es\/en\/#organization","name":"HSV","url":"https:\/\/www.hsvperitaciones.es\/en\/","logo":{"@type":"ImageObject","inLanguage":"en-US","@id":"https:\/\/www.hsvperitaciones.es\/en\/#\/schema\/logo\/image\/","url":"https:\/\/www.hsvperitaciones.es\/wp-content\/uploads\/2025\/08\/Sin-fondo-1.png","contentUrl":"https:\/\/www.hsvperitaciones.es\/wp-content\/uploads\/2025\/08\/Sin-fondo-1.png","width":507,"height":142,"caption":"HSV"},"image":{"@id":"https:\/\/www.hsvperitaciones.es\/en\/#\/schema\/logo\/image\/"}}]}},"_links":{"self":[{"href":"https:\/\/www.hsvperitaciones.es\/en\/wp-json\/wp\/v2\/pages\/14487","targetHints":{"allow":["GET"]}}],"collection":[{"href":"https:\/\/www.hsvperitaciones.es\/en\/wp-json\/wp\/v2\/pages"}],"about":[{"href":"https:\/\/www.hsvperitaciones.es\/en\/wp-json\/wp\/v2\/types\/page"}],"author":[{"embeddable":true,"href":"https:\/\/www.hsvperitaciones.es\/en\/wp-json\/wp\/v2\/users\/1"}],"replies":[{"embeddable":true,"href":"https:\/\/www.hsvperitaciones.es\/en\/wp-json\/wp\/v2\/comments?post=14487"}],"version-history":[{"count":0,"href":"https:\/\/www.hsvperitaciones.es\/en\/wp-json\/wp\/v2\/pages\/14487\/revisions"}],"wp:attachment":[{"href":"https:\/\/www.hsvperitaciones.es\/en\/wp-json\/wp\/v2\/media?parent=14487"}],"curies":[{"name":"wp","href":"https:\/\/api.w.org\/{rel}","templated":true}]}}